{"id":9782,"date":"2018-02-10T00:43:02","date_gmt":"2018-02-09T20:43:02","guid":{"rendered":"https:\/\/againstthecompass.com\/?page_id=9782\/"},"modified":"2019-12-08T10:58:13","modified_gmt":"2019-12-08T08:58:13","slug":"trabaja-con-against-the-compass","status":"publish","type":"page","link":"https:\/\/againstthecompass.com\/es\/trabaja-con-against-the-compass\/","title":{"rendered":"Trabaja con Against the Compass"},"content":{"rendered":"<h1>Trabaja Conmigo<\/h1>\n<p style=\"text-align: center;\"><em>Gracias por considerar una futura colaboraci\u00f3n potencial con Against the Compass<\/em><\/p>\n<p style=\"background-color: #eaeaea; text-align: center; padding: 25px 10px 25px 10px;\">Against the Compass es una marca completamente establecida que tiene como objetivo promover destinos tur\u00edsticos emergentes, es decir, crear conciencia sobre aquellos pa\u00edses que no acostumbran a entrar en los planes de viaje del viajero corriente.<\/p>\n<h2 style=\"text-align: center;\">Estad\u00edsticas de ATC<\/h2>\n<p style=\"text-align: center;\"><em style=\"font-size: 17px;\">Cifras mensuales (julio 2019)<\/em><\/p>\n<h2 style=\"background-color: #497629; text-align: center; padding: 25px 10px 25px 10px;\"><b>209.000<br \/><\/b><b>P\u00c1GINAS VISTAS<\/b><\/h2>\n<h2 style=\"background-color: #497629; text-align: center; padding: 25px 10px 25px 10px;\"><b>147.000<br \/>SESIONES<\/b><\/h2>\n<h2 style=\"background-color: #497629; text-align: center; padding: 25px 10px 25px 10px;\"><b>115.000<br \/>USUARIOS<\/b><\/h2>\n<p style=\"background-color: #eaeaea; text-align: center; padding: 25px 10px 25px 10px;\"><strong>90% del tr\u00e1fico proveniente de Google<br \/>Media de tiempo que pasan por art\u00edculo:<\/strong> 5 minutos<br \/><strong>Sexo:<\/strong> 49% hombre vs 51% mujer<br \/><strong>Edad:<\/strong> 25-34 (40%); 34-45 (20%)<br \/><strong>Intereses:<\/strong> Destinos alternativos, viaje aventura, eco-turismo<br \/><strong>Top pa\u00edses (40%):<\/strong> EEUU, Espa\u00f1a, Reino Unido<br \/><strong>Autoridad de Dominio (DA):<\/strong> 46<br \/><strong>Instagram:<\/strong> 14,1k seguidores<br \/><strong>Facebook:<\/strong> 5,8k seguidores<\/p>\n<p style=\"text-align: center;\">Si quieres prueba de dichas estad\u00edsticas, escr\u00edbeme y te enviar\u00e9 el informe oficial de Google Analytics<\/p>\n<p style=\"text-align: center;\">Para m\u00e1s informaci\u00f3n, desc\u00e1rgate mi <a href=\"https:\/\/againstthecompass.com\/wp-content\/uploads\/2019\/12\/Media-Kit-Against-the-Compass-November-2019.pdf\" target=\"_blank\" rel=\"noopener noreferrer\"><strong>Media Kit (noviembre 2019)<\/strong><\/a><\/p>\n<h2 style=\"text-align: center;\">Mis servicios<\/h2>\n<p style=\"background-color: #eaeaea; text-align: center; padding: 25px 10px 25px 10px;\"><em>\u00bbUn placer leer el blog de Against the Compass &#8211; quien realmente sabe capturar la esencia de un lugar cuando escribe\u00bb<\/em> &#8211; <strong>Tony Walsh, escritor de gu\u00edas de Bradt<\/strong><\/p>\n<p style=\"text-align: left;\"><b>Press Trips (Viajes de prensa) &#8211; <\/b>Promocionar tu destino mediante un contenido de alta calidad, fotograf\u00eda y una excelente estrategia de SEO.<\/p>\n<p style=\"text-align: left;\"><strong>Brand ambassador (Embajador de tu marca) \u2013\u00a0<\/strong>Como ex-Brand Manager, me asegurar\u00e9 de comunicar tu marca de la manera m\u00e1s \u00f3ptima.<\/p>\n<p><strong>Rese\u00f1as de productos \u2013\u00a0<\/strong>An\u00e1lisis profundos de tu producto o servicio, destacando sus beneficios y caracter\u00edsticas para que mis lectores se decidan comprarlo.<\/p>\n<p><strong>Escritura de art\u00edculos- <\/strong>Independientemente de que quieras una gu\u00eda de viaje informativo o un art\u00edculo que busque inspirar, me asegurar\u00e9 de capturar el n\u00facleo de tu destino.<\/p>\n<h2 style=\"text-align: center;\">Menciones y publicaciones<\/h2>\n<p>Lonely Planet &#8211; <a href=\"https:\/\/www.lonelyplanet.com\/blog\/2019\/02\/15\/pathfinders-best-blogs-instagram-shots-and-videos-from-january-2019\" target=\"_blank\" rel=\"nofollow noopener noreferrer\">Mejor foto de Instagram en enero 2019<\/a><br \/>Lonely Planet &#8211; <a href=\"https:\/\/www.lonelyplanet.com\/blog\/2018\/04\/12\/pathfinders-top-posts-from-march-2018\/\" target=\"_blank\" rel=\"nofollow noopener noreferrer\">Mejor art\u00edculo de marzo 2018<\/a><br \/>Lonely Planet &#8211; <a href=\"https:\/\/www.lonelyplanet.com\/blog\/2017\/06\/06\/lp-pathfinders-top-posts-from-may-2017\/\" target=\"_blank\" rel=\"nofollow noopener noreferrer\">Mejor art\u00edculo de mayo 2017<\/a><br \/>Lonely Planet &#8211; <a href=\"https:\/\/www.lonelyplanet.com\/blog\/2017\/09\/12\/lp-pathfinders-top-posts-from-august-2017\/\" target=\"_blank\" rel=\"nofollow noopener noreferrer\">Mejor art\u00edculo de agosto 2017<\/a><br \/>Lonely Planet &#8211; <a href=\"https:\/\/www.lonelyplanet.com\/blog\/2017\/12\/07\/lp-pathfinders-top-posts-from-november-2017\/\" target=\"_blank\" rel=\"nofollow noopener noreferrer\">Finalista de mejor art\u00edculo noviembre 2017<\/a><br \/>The Daily Beast &#8211; <a href=\"https:\/\/www.thedailybeast.com\/syria-faces-a-new-foreign-invasion-travel-bloggers\" target=\"_blank\" rel=\"noopener noreferrer\">Syria sufre una nueva invasi\u00f3n: bloggers<\/a><br \/>The Telegraph &#8211;\u00a0<a href=\"https:\/\/www.telegraph.co.uk\/travel\/news\/new-passport-renewal-policy\/\" target=\"_blank\" rel=\"nofollow noopener noreferrer\">Britons &#8216;duped&#8217; by new passport renewal policy<\/a><br \/>Express Tribune &#8211; <a href=\"https:\/\/blogs.tribune.com.pk\/story\/76973\/to-baku-and-beyond-a-melting-pot-of-ancient-history-and-modern-architecture\/\" target=\"_blank\" rel=\"nofollow noopener noreferrer\">Baku and Beyond<\/a><br \/>BuzzFeed &#8211; <a href=\"https:\/\/www.buzzfeed.com\/ianp4da3b7176\/15-of-the-wildest-travel-stories-thatll-make-you-34wyi?utm_term=.tg3Evyj38#.tlR1X72KE\" target=\"_blank\" rel=\"nofollow noopener noreferrer\">The Wildest Travel Stories<\/a><br \/>Matador Network &#8211; <a href=\"https:\/\/matadornetwork.com\/life\/experience-visiting-syrian-refugee-camp-iraq\/\" target=\"_blank\" rel=\"nofollow noopener noreferrer\">Visiting a Syrian refugee camp in Iraq<\/a><br \/>RAC 1 &#8211; <a href=\"https:\/\/www.rac1.cat\/programes\/versio\/20190625\/463114964877\/lonada-de-calor-no-es-res-aixi-es-viu-a-70-graus.html\" rel=\"nofollow noopener\" target=\"_blank\">L\u2019onada de calor no \u00e9s res: aix\u00ed es viu al lloc m\u00e9s calor\u00f3s del planeta<\/a><br \/>Morgen.de (holand\u00e9s) &#8211; <a href=\"https:\/\/www.demorgen.be\/nieuws\/bent-u-wat-uitgekeken-op-zuid-frankrijk-of-italie-overweeg-dan-eens-een-reisje-naar-syrie~bc4c5ea4\/\" rel=\"nofollow noopener\" target=\"_blank\">As\u00ed es el turismo en Siria<\/a><br \/>Arab News &#8211; <a href=\"http:\/\/www.arabnews.com\/node\/1192241\/offbeat\" target=\"_blank\" rel=\"nofollow noopener noreferrer\">Is the life of a digital nomad for you?<\/a><br \/>Thailand National TV channel &#8211; <a href=\"https:\/\/www.youtube.com\/watch?v=atAwAZiXgi4\" target=\"_blank\" rel=\"nofollow noopener noreferrer\">Adventurous travelers for Passion TV<\/a><br \/>Afar Media &#8211; <a href=\"https:\/\/www.instagram.com\/p\/BUXkcR1jAfB\/?taken-by=afarmedia\" target=\"_blank\" rel=\"nofollow noopener noreferrer\">Menci\u00f3n en Instagram del templo Multan en Pakist\u00e1n<\/a><br \/>Afar Media &#8211; <a href=\"https:\/\/www.instagram.com\/p\/BXpx6cTDCgQ\/?taken-by=afarmedia\" target=\"_blank\" rel=\"nofollow noopener noreferrer\">Menci\u00f3n en Instagram de la Carretera del Karak\u00f3rum en Pakist\u00e1n<\/a><br \/>Khaleej Times &#8211; <a href=\"http:\/\/www.khaleejtimes.com\/travel\/10-things-uae-residents-should-know-before-visiting-\/azerbaijan\" target=\"_blank\" rel=\"nofollow noopener noreferrer\">10 Things you should know before visiting Azerbaijan<\/a><br \/>Open World Mag &#8211; <a href=\"http:\/\/www.openworldmag.com\/top-30-adventurers-30-2017\/\" target=\"_blank\" rel=\"nofollow noopener noreferrer\">Top adventurous travelers 2018<\/a><br \/>Embassy of Azerbaijan in the USA &#8211; <a href=\"http:\/\/washington.mfa.gov.az\/1290-backpacking-in-azerbaijan-a-two-weeks-travel-itinerary.html\" target=\"_blank\" rel=\"nofollow noopener noreferrer\">Backpacking in Azerbaijan: A 2-week itinerary<\/a><br \/>Jovago &#8211; <a href=\"https:\/\/travel.jumia.com\/blog\/mm\/travel-on-budget-1451\" target=\"_blank\" rel=\"nofollow noopener noreferrer\">Top budget travel tips from travel bloggers<\/a><br \/>Nomad Revelations &#8211; <a href=\"http:\/\/www.joaoleitao.com\/bloggers\/inspirational-travel-blogs\/\" target=\"_blank\" rel=\"nofollow noopener noreferrer\">Top 10 Inspirational travel blogs<\/a><br \/>Credit Donkey &#8211; <a href=\"https:\/\/www.creditdonkey.com\/travel-blogs.html\" target=\"_blank\" rel=\"nofollow noopener noreferrer\">Best travel blogs<\/a> (Featured as #1)<\/p>\n<h2 style=\"text-align: center;\">Entrevistas<\/h2>\n<p>Nomadic Matt &#8211; <a href=\"https:\/\/superstarblogging.nomadicmatt.com\/superstar-interviews-joan-from-against-the-compass\/\" target=\"_blank\" rel=\"nofollow noopener noreferrer\">Superstar interviews: Joan from Against the Compass<\/a><br \/>Jovago &#8211;\u00a0<a href=\"https:\/\/travel.jumia.com\/blog\/pk\/joan-foreign-travel-blogger-5522\" target=\"_blank\" rel=\"nofollow noopener noreferrer\">Willing To Get a Photo With AK-47? Must Visit Pakistan!<\/a><br \/>Aut\u00f3nomos y emprendedores &#8211; <a href=\"https:\/\/www.autonomosyemprendedor.es\/articulo\/tu-historia\/atc-emprender-vivir-viajando\/20180820083338017380.html\" target=\"_blank\" rel=\"nofollow noopener noreferrer\">C\u00f3mo viajar y ganar dinero<\/a><br \/>Diari de Girona (Catalan) &#8211; <a href=\"http:\/\/www.diaridegirona.cat\/alt-emporda\/2016\/12\/28\/joan-townsend-torres-viatger-gironi\/821589.html\" target=\"_blank\" rel=\"nofollow noopener noreferrer\">El viajero de Girona a quien acusaron de ser un esp\u00eda de ISIS<\/a><br \/>Diria Empord\u00e0 (Catalan) &#8211; <a href=\"http:\/\/www.emporda.info\/fets-gent\/2016\/12\/20\/joan-townsend-torres-viatger-rosinc\/339759.html\" target=\"_blank\" rel=\"nofollow noopener noreferrer\">El catal\u00e1n que dej\u00f3 su carrera para viajar por el mundo<\/a><br \/>Wandersmiles &#8211; <a href=\"https:\/\/www.wandersmiles.com\/world-adventurers-series-against-the-compass\/\" target=\"_blank\" rel=\"nofollow noopener noreferrer\">Adventurous traveler series &#8211; Against the Compass<\/a><br \/>Always on the way travel &#8211; <a href=\"https:\/\/www.alwaysonthewaytravel.com\/2018\/01\/10\/travel-blogger-interview-with-joan-torres\/\" target=\"_blank\" rel=\"nofollow noopener noreferrer\">Travel off the path with Joan Torres<\/a><br \/>Mochileros de viaje &#8211; <a href=\"https:\/\/mochilerosdeviaje.com\/entrevista-un-viaje-a-lugares-insolitos-irak-pakistan-sudan-el-libano\/\" target=\"_blank\" rel=\"nofollow noopener noreferrer\">El espa\u00f1ol que viaja a Irak, L\u00edbano y Sud\u00e1n<\/a><br \/>Caminito Amor (Spanish) &#8211; <a href=\"https:\/\/www.caminitoamor.com\/viajar-a-lugares-insolitos\/\" target=\"_blank\" rel=\"nofollow noopener noreferrer\">El viajero que va a los destinos m\u00e1s ins\u00f3litos<\/a><\/p>\n<h2 style=\"text-align: center;\">Guest posts<\/h2>\n<p>Inteligencia Viajera &#8211; <a href=\"https:\/\/inteligenciaviajera.com\/paises-mas-peligrosos-del-mundo\/\" target=\"_blank\" rel=\"nofollow noopener noreferrer\">C\u00f3mo viajar a los pa\u00edses m\u00e1s peligrosos del mundo<\/a><br \/>Nomadic Matt &#8211; <a href=\"https:\/\/superstarblogging.nomadicmatt.com\/a-beginners-guide-to-press-trips\/\" target=\"_blank\" rel=\"nofollow noopener noreferrer\">A guide to Press Trips for beginners<\/a><br \/>Nomadic Matt &#8211; <a href=\"https:\/\/superstarblogging.nomadicmatt.com\/blogging-in-two-languages\/\" target=\"_blank\" rel=\"nofollow noopener noreferrer\">Blogging in 2 languages<\/a><br \/>Everything Everywhere &#8211; <a href=\"https:\/\/everything-everywhere.com\/treking-in-the-pamir-mountains-of-tajikistan\/\" target=\"_blank\" rel=\"nofollow noopener noreferrer\">Trekking the Pamir Mountains of Tajikistan<\/a><br \/>Everything Everywhere &#8211; <a href=\"https:\/\/everything-everywhere.com\/a-guide-to-visiting-the-aral-sea-in-kazakhstan\/\" target=\"_blank\" rel=\"nofollow noopener noreferrer\">A guide to visiting the Aral Sea in Kazakhstan<\/a><br \/>The Planet D &#8211; <a href=\"https:\/\/theplanetd.com\/song-kul-trekking\/\" target=\"_blank\" rel=\"nofollow noopener noreferrer\">Trekking to Song Kul from Kyzart, Kyrgyzstan<\/a><br \/>Nomadasaurus: <a href=\"https:\/\/www.nomadasaurus.com\/climb-peak-lenin-base-camp-trek\/\" target=\"_blank\" rel=\"nofollow noopener noreferrer\">Trekking to Lenin Peak base camp in Kyrgyzstan<\/a><br \/>Chasing the Donkey &#8211; <a href=\"https:\/\/www.chasingthedonkey.com\/the-autonomous-republic-of-nakhchivan-guide\/\" target=\"_blank\" rel=\"nofollow noopener noreferrer\">The Autonomous Republic of Nakhchivan<\/a><br \/>2 Monkeys Travel &#8211;\u00a0<a href=\"https:\/\/twomonkeystravelgroup.com\/diy-travel-guide-to-azerbaijan\/\" target=\"_blank\" rel=\"nofollow noopener noreferrer\">A travel guide to Azerbaijan<\/a><br \/>The Broke Backpacker &#8211; <a href=\"https:\/\/www.thebrokebackpacker.com\/exploring-the-kalash-valley-in-pakistan\/\" target=\"_blank\" rel=\"nofollow noopener noreferrer\">Kalash, the last pagan culture in Pakistan<\/a><br \/>Chasing the unexpected &#8211; <a href=\"https:\/\/www.chasingtheunexpected.com\/travel-to-lebanon\/\" target=\"_blank\" rel=\"nofollow noopener noreferrer\">10 Reasons why you should travel to Lebanon<\/a><\/p>\n<p style=\"text-align: center;\"><em>Ya sabes, cualquier duda, escr\u00edbeme a\u00a0 <strong>joan(at)againstthecompass.com<\/strong><\/em><\/p>\n","protected":false},"excerpt":{"rendered":"<p>Trabaja Conmigo Gracias por considerar una futura colaboraci\u00f3n potencial con Against the Compass Against the Compass es una marca completamente establecida que tiene como objetivo promover destinos tur\u00edsticos emergentes, es decir, crear conciencia sobre aquellos pa\u00edses que no acostumbran a entrar en los planes de viaje del viajero corriente. Estad\u00edsticas de ATC Cifras mensuales (julio [&hellip;]<\/p>\n","protected":false},"author":1,"featured_media":42230,"parent":0,"menu_order":0,"comment_status":"closed","ping_status":"closed","template":"","meta":{"_acf_changed":false,"footnotes":""},"class_list":["post-9782","page","type-page","status-publish","has-post-thumbnail","hentry"],"acf":[],"_links":{"self":[{"href":"https:\/\/againstthecompass.com\/es\/wp-json\/wp\/v2\/pages\/9782","targetHints":{"allow":["GET"]}}],"collection":[{"href":"https:\/\/againstthecompass.com\/es\/wp-json\/wp\/v2\/pages"}],"about":[{"href":"https:\/\/againstthecompass.com\/es\/wp-json\/wp\/v2\/types\/page"}],"author":[{"embeddable":true,"href":"https:\/\/againstthecompass.com\/es\/wp-json\/wp\/v2\/users\/1"}],"replies":[{"embeddable":true,"href":"https:\/\/againstthecompass.com\/es\/wp-json\/wp\/v2\/comments?post=9782"}],"version-history":[{"count":0,"href":"https:\/\/againstthecompass.com\/es\/wp-json\/wp\/v2\/pages\/9782\/revisions"}],"wp:featuredmedia":[{"embeddable":true,"href":"https:\/\/againstthecompass.com\/es\/wp-json\/wp\/v2\/media\/42230"}],"wp:attachment":[{"href":"https:\/\/againstthecompass.com\/es\/wp-json\/wp\/v2\/media?parent=9782"}],"curies":[{"name":"wp","href":"https:\/\/api.w.org\/{rel}","templated":true}]}}