{"id":42294,"date":"2023-03-29T11:39:17","date_gmt":"2023-03-29T09:39:17","guid":{"rendered":"https:\/\/againstthecompass.com\/?page_id=42294"},"modified":"2023-03-30T10:50:46","modified_gmt":"2023-03-30T08:50:46","slug":"seguro-viaje","status":"publish","type":"page","link":"https:\/\/againstthecompass.com\/es\/seguro-viaje\/","title":{"rendered":"Seguro de Viaje"},"content":{"rendered":"\n<h2 class=\"has-text-align-center wp-block-heading\">\u00bfQu\u00e9 seguro de viaje te recomiendo?<\/h2>\n\n\n\n<div class=\"wp-block-columns is-layout-flex wp-container-core-columns-is-layout-9d6595d7 wp-block-columns-is-layout-flex\">\n<div class=\"wp-block-column is-layout-flow wp-block-column-is-layout-flow\"><\/div>\n\n\n\n<div class=\"wp-block-column is-layout-flow wp-block-column-is-layout-flow\" style=\"flex-basis:75%\">\n<p>Desde Argentina hasta Costa Rica, Jap\u00f3n, Tanzania, Yemen o cualquier lugar de Europa, se recomienda siempre viajar con el seguro de viaje apropiado.<\/p>\n\n\n\n<p>Yo siempre recomiendo <strong><a href=\"http:\/\/www.iatiseguros.com\/?r=30867932099453&amp;cmp=travel_insurance_es\" target=\"_blank\" rel=\"noreferrer noopener nofollow sponsored\">IATI Seguros<\/a><\/strong>. <\/p>\n\n\n\n<p>Against the Compass lleva ya varios a\u00f1os colaborando con IATI, recomend\u00e1ndolo a todos nuestros lectores, adem\u00e1s de cubrir todos los viajes personales de Joan Torres. <\/p>\n\n\n\n<p>\u00bfPor qu\u00e9 usamos y recomendamos IATI?<\/p>\n\n\n\n<ul class=\"wp-block-list\">\n<li>Lo pueden adquirir tanto espa\u00f1oles como latinoamericanos<\/li>\n\n\n\n<li>Disponen de planes b\u00e1sicos econ\u00f3micos, pero tambi\u00e9n planes m\u00e1s premium con una mayor cobertura<\/li>\n\n\n\n<li>Los planes m\u00e1s premium incluyen deportes de aventura, como por ejemplo, trekking de alta altitud<\/li>\n\n\n\n<li>A los espa\u00f1oles, les cubre para viajes largo de hasta un a\u00f1o<\/li>\n\n\n\n<li>Cubre a personas mayores de 65 a\u00f1os<\/li>\n\n\n\n<li>Y lo m\u00e1s importante, da cobertura para aquellos pa\u00edses en donde Asuntos Exteriores desaconseja viajar, como <a href=\"https:\/\/againstthecompass.com\/es\/country\/siria\/\"><strong>Siria<\/strong><\/a>, <a href=\"https:\/\/againstthecompass.com\/es\/country\/irak\"><strong>Irak<\/strong><\/a>, <a href=\"https:\/\/againstthecompass.com\/es\/country\/mali\/\"><strong>Mali<\/strong><\/a> o <a href=\"https:\/\/againstthecompass.com\/es\/country\/afganistan\/\"><strong>Afganist\u00e1n<\/strong><\/a><\/li>\n<\/ul>\n\n\n\n<p>Los lectores de Against the Compass pueden beneficiarse de un <strong>descuento del 5%:<\/strong><\/p>\n\n\n\n<div style=\"height:19px\" aria-hidden=\"true\" class=\"wp-block-spacer\"><\/div>\n\n\n\n<div class=\"wp-block-buttons is-layout-flex wp-block-buttons-is-layout-flex\">\n<div class=\"wp-block-button\"><a class=\"wp-block-button__link has-background wp-element-button\" href=\"http:\/\/www.iatiseguros.com\/?r=30867932099453&amp;cmp=travel_insurance_es\" style=\"background-color:#0c9500\" target=\"_blank\" rel=\"noreferrer noopener nofollow sponsored\">PIDE PRESUPUESTO AQU\u00cd Y RECLAMA TU DESCUENTO<\/a><\/div>\n<\/div>\n<\/div>\n\n\n\n<div class=\"wp-block-column is-layout-flow wp-block-column-is-layout-flow\"><\/div>\n<\/div>\n\n\n\n<div style=\"height:82px\" aria-hidden=\"true\" class=\"wp-block-spacer\"><\/div>\n","protected":false},"excerpt":{"rendered":"<p>\u00bfQu\u00e9 seguro de viaje te recomiendo? Desde Argentina hasta Costa Rica, Jap\u00f3n, Tanzania, Yemen o cualquier lugar de Europa, se recomienda siempre viajar con el seguro de viaje apropiado. Yo siempre recomiendo IATI Seguros. Against the Compass lleva ya varios a\u00f1os colaborando con IATI, recomend\u00e1ndolo a todos nuestros lectores, adem\u00e1s de cubrir todos los viajes [&hellip;]<\/p>\n","protected":false},"author":1,"featured_media":42382,"parent":0,"menu_order":0,"comment_status":"closed","ping_status":"closed","template":"","meta":{"_acf_changed":false,"footnotes":""},"class_list":["post-42294","page","type-page","status-publish","has-post-thumbnail","hentry"],"acf":[],"_links":{"self":[{"href":"https:\/\/againstthecompass.com\/es\/wp-json\/wp\/v2\/pages\/42294","targetHints":{"allow":["GET"]}}],"collection":[{"href":"https:\/\/againstthecompass.com\/es\/wp-json\/wp\/v2\/pages"}],"about":[{"href":"https:\/\/againstthecompass.com\/es\/wp-json\/wp\/v2\/types\/page"}],"author":[{"embeddable":true,"href":"https:\/\/againstthecompass.com\/es\/wp-json\/wp\/v2\/users\/1"}],"replies":[{"embeddable":true,"href":"https:\/\/againstthecompass.com\/es\/wp-json\/wp\/v2\/comments?post=42294"}],"version-history":[{"count":3,"href":"https:\/\/againstthecompass.com\/es\/wp-json\/wp\/v2\/pages\/42294\/revisions"}],"predecessor-version":[{"id":42393,"href":"https:\/\/againstthecompass.com\/es\/wp-json\/wp\/v2\/pages\/42294\/revisions\/42393"}],"wp:featuredmedia":[{"embeddable":true,"href":"https:\/\/againstthecompass.com\/es\/wp-json\/wp\/v2\/media\/42382"}],"wp:attachment":[{"href":"https:\/\/againstthecompass.com\/es\/wp-json\/wp\/v2\/media?parent=42294"}],"curies":[{"name":"wp","href":"https:\/\/api.w.org\/{rel}","templated":true}]}}