{"id":2520,"date":"2016-07-27T11:29:29","date_gmt":"2016-07-27T07:29:29","guid":{"rendered":"https:\/\/againstthecompass.com\/countries\/?lang=es"},"modified":"2024-03-21T13:35:15","modified_gmt":"2024-03-21T11:35:15","slug":"countries","status":"publish","type":"page","link":"https:\/\/againstthecompass.com\/es\/countries\/","title":{"rendered":"Destinos"},"content":{"rendered":"\n<div style=\"height:30px\" aria-hidden=\"true\" class=\"wp-block-spacer\"><\/div>\n\n\n\n<h3 class=\"wp-block-heading has-text-align-center\">\u00bfA d\u00f3nde te gustar\u00eda viajar?<\/h3>\n\n\n\n<p class=\"has-text-align-center has-large-font-size\">Aqu\u00ed puedes consultar todas nuestras gu\u00edas de viaje agrupadas por pa\u00edses<\/p>\n\n\n<div class=\"map_wrapper\" id=\"map_wrapper_48684\">\n<div class=\"map_box\" style=\"max-width:2000px\">\n<div class=\"map_aspect_ratio\" style=\"padding-top:56%\" data-padding-top=\"56%\" data-padding-top-mobile=\"0%\">\n<div class=\"map_container\">\n<div class=\"map_render map_loading\" id=\"map_48684\"><\/div>\n<\/div>\n<\/div>\n<\/div>\n<\/div>\n\n\n\n<div style=\"height:30px\" aria-hidden=\"true\" class=\"wp-block-spacer\"><\/div>\n\n\n\n<div style=\"height:30px\" aria-hidden=\"true\" class=\"wp-block-spacer\"><\/div>\n\n\n","protected":false},"excerpt":{"rendered":"<p>\u00bfA d\u00f3nde te gustar\u00eda viajar? Aqu\u00ed puedes consultar todas nuestras gu\u00edas de viaje agrupadas por pa\u00edses<\/p>\n","protected":false},"author":1,"featured_media":41878,"parent":0,"menu_order":0,"comment_status":"closed","ping_status":"closed","template":"","meta":{"_acf_changed":false,"footnotes":""},"class_list":["post-2520","page","type-page","status-publish","has-post-thumbnail","hentry"],"acf":[],"_links":{"self":[{"href":"https:\/\/againstthecompass.com\/es\/wp-json\/wp\/v2\/pages\/2520","targetHints":{"allow":["GET"]}}],"collection":[{"href":"https:\/\/againstthecompass.com\/es\/wp-json\/wp\/v2\/pages"}],"about":[{"href":"https:\/\/againstthecompass.com\/es\/wp-json\/wp\/v2\/types\/page"}],"author":[{"embeddable":true,"href":"https:\/\/againstthecompass.com\/es\/wp-json\/wp\/v2\/users\/1"}],"replies":[{"embeddable":true,"href":"https:\/\/againstthecompass.com\/es\/wp-json\/wp\/v2\/comments?post=2520"}],"version-history":[{"count":4,"href":"https:\/\/againstthecompass.com\/es\/wp-json\/wp\/v2\/pages\/2520\/revisions"}],"predecessor-version":[{"id":48686,"href":"https:\/\/againstthecompass.com\/es\/wp-json\/wp\/v2\/pages\/2520\/revisions\/48686"}],"wp:featuredmedia":[{"embeddable":true,"href":"https:\/\/againstthecompass.com\/es\/wp-json\/wp\/v2\/media\/41878"}],"wp:attachment":[{"href":"https:\/\/againstthecompass.com\/es\/wp-json\/wp\/v2\/media?parent=2520"}],"curies":[{"name":"wp","href":"https:\/\/api.w.org\/{rel}","templated":true}]}}