{"id":2413,"date":"2016-07-27T11:26:56","date_gmt":"2016-07-27T07:26:56","guid":{"rendered":"https:\/\/againstthecompass.com\/contact-me\/?lang=es"},"modified":"2023-12-03T13:36:04","modified_gmt":"2023-12-03T11:36:04","slug":"contactame","status":"publish","type":"page","link":"https:\/\/againstthecompass.com\/es\/contactame\/","title":{"rendered":"Contacto"},"content":{"rendered":"\n<h2 class=\"wp-block-heading\">C\u00f3mo contactarme<\/h2>\n\n\n\n<p class=\"has-vivid-red-color has-text-color\"><strong>Por favor, antes de escribirme, lee detenidamente lo de a continuaci\u00f3n<\/strong><\/p>\n\n\n\n<h4 class=\"wp-block-heading\">\u00bfNecesitas consejos sobre alg\u00fan viaje personal?<\/h4>\n\n\n\n<p>Si est\u00e1s buscando consejo y recomendaciones sobre un destino espec\u00edfico, te ruego que dejes un comentario en la entrada\/post relacionado, y te contestar\u00e9 enseguida. <\/p>\n\n\n\n<p>De lo contrario, debido al excesivo n\u00famero de correos que recibo, ten en cuenta que hace tiempo decid\u00ed no contestar a este tipo de correos.<\/p>\n\n\n\n<h4 class=\"wp-block-heading\">\u00bfTienes alguna duda referente a las EXPEDICIONES en grupo que organizamos?<\/h4>\n\n\n\n<p>Genial. <\/p>\n\n\n\n<p>Escr\u00edbeme a <span style=\"text-decoration: underline;\">hello @againstthecompass.com<\/span>, or rellena el <a href=\"https:\/\/expeditions.againstthecompass.com\/es\/contacto\/\" target=\"_blank\" rel=\"noreferrer noopener\"><strong>formulario de este enlace<\/strong><\/a>. <\/p>\n\n\n\n<h4 class=\"wp-block-heading\">Para todo lo dem\u00e1s&#8230;<\/h4>\n\n\n\n<p>Saludar, colaboraciones, etc&#8230;<\/p>\n\n\n\n<p>Escr\u00edbeme tambi\u00e9n a <span style=\"text-decoration: underline;\">hello @againstthecompass.com<\/span><\/p>\n\n\n\n<p>Recuerda seguirme en&nbsp;<strong><a href=\"https:\/\/www.facebook.com\/againstthecompass\/\" target=\"_blank\" rel=\"nofollow noopener sponsored\">Facebook<\/a><\/strong>&nbsp;e&nbsp;<strong><a href=\"https:\/\/www.instagram.com\/againstthecompass\/\" target=\"_blank\" rel=\"noreferrer noopener nofollow\">Instagram<\/a><\/strong><\/p>\n\n\n\n<p class=\"has-text-align-left\"><em>Un fuerte abrazo, Joan de Against the Compass<\/em><\/p>\n\n\n\n<div style=\"height:37px\" aria-hidden=\"true\" class=\"wp-block-spacer\"><\/div>\n","protected":false},"excerpt":{"rendered":"<p>C\u00f3mo contactarme Por favor, antes de escribirme, lee detenidamente lo de a continuaci\u00f3n \u00bfNecesitas consejos sobre alg\u00fan viaje personal? Si est\u00e1s buscando consejo y recomendaciones sobre un destino espec\u00edfico, te ruego que dejes un comentario en la entrada\/post relacionado, y te contestar\u00e9 enseguida. De lo contrario, debido al excesivo n\u00famero de correos que recibo, ten [&hellip;]<\/p>\n","protected":false},"author":1,"featured_media":41617,"parent":0,"menu_order":0,"comment_status":"closed","ping_status":"closed","template":"","meta":{"_acf_changed":false,"footnotes":""},"class_list":["post-2413","page","type-page","status-publish","has-post-thumbnail","hentry"],"acf":[],"_links":{"self":[{"href":"https:\/\/againstthecompass.com\/es\/wp-json\/wp\/v2\/pages\/2413","targetHints":{"allow":["GET"]}}],"collection":[{"href":"https:\/\/againstthecompass.com\/es\/wp-json\/wp\/v2\/pages"}],"about":[{"href":"https:\/\/againstthecompass.com\/es\/wp-json\/wp\/v2\/types\/page"}],"author":[{"embeddable":true,"href":"https:\/\/againstthecompass.com\/es\/wp-json\/wp\/v2\/users\/1"}],"replies":[{"embeddable":true,"href":"https:\/\/againstthecompass.com\/es\/wp-json\/wp\/v2\/comments?post=2413"}],"version-history":[{"count":5,"href":"https:\/\/againstthecompass.com\/es\/wp-json\/wp\/v2\/pages\/2413\/revisions"}],"predecessor-version":[{"id":47640,"href":"https:\/\/againstthecompass.com\/es\/wp-json\/wp\/v2\/pages\/2413\/revisions\/47640"}],"wp:featuredmedia":[{"embeddable":true,"href":"https:\/\/againstthecompass.com\/es\/wp-json\/wp\/v2\/media\/41617"}],"wp:attachment":[{"href":"https:\/\/againstthecompass.com\/es\/wp-json\/wp\/v2\/media?parent=2413"}],"curies":[{"name":"wp","href":"https:\/\/api.w.org\/{rel}","templated":true}]}}